{"id":173,"date":"2010-03-18T22:10:05","date_gmt":"2010-03-18T22:10:05","guid":{"rendered":"http:\/\/stateofthemap.org\/?page_id=173"},"modified":"2010-03-18T22:10:05","modified_gmt":"2010-03-18T22:10:05","slug":"acerca-de","status":"publish","type":"page","link":"https:\/\/2010.stateofthemap.org\/es\/acerca-de\/","title":{"rendered":"Acerca de"},"content":{"rendered":"<p>El State of the Map es el <strong>mayor evento mundial de la comunidad de OpenStreetMap<\/strong>. Venga a Girona del 9 al 11 de julio junto a asistentes de todo el mundo para presenciar ponencias, participar en talleres, y relajarse mientras conode a OpenStreetMaperos de todo el mundo. Si est\u00e1 involucrado en cualquier aspecto de OpenStreetMap, bien sea mapeando, escribiendo c\u00f3digo, o haciendo activismo, o si quiere conocer m\u00e1s del movimiento cartogr\u00e1fico global que est\u00e1 cambiando la manera de hacer y utilizar mapas, <strong>el State of the Map es para usted<\/strong>.<\/p>\n<div id=\"attachment_413\" style=\"width: 310px\" class=\"wp-caption aligncenter\"><a href=\"http:\/\/www.flickr.com\/photos\/mgilbir\/3716465898\/\"><img loading=\"lazy\" decoding=\"async\" aria-describedby=\"caption-attachment-413\" title=\"picture-8\" src=\"http:\/\/2009.stateofthemap.org\/wp-content\/uploads\/2009\/07\/sotm09grouppic2-300x166.jpg\" alt=\"Asistentes al SotM 2009\" width=\"300\" height=\"166\" \/><\/a><p id=\"caption-attachment-413\" class=\"wp-caption-text\">Asistentes al SotM 2009<\/p><\/div>\n<p>Asistir al State of the Map es la oportunidad perfecta para reunirse con las personas que comparten su pasi\u00f3n sobre OpenStreetMap. Las personas que mantienen los servidores, desarrollan los editores,dise\u00f1an la cartograf\u00eda y algunos de los mapeadores m\u00e1s dedicados a la causa estar\u00e1n en una misma sala.<\/p>\n<p>Este a\u00f1o, el evento cuenta con ponentes ya conocidos, incluyendo al fundador de OpenStreetMap y presidente de la OSM Foundation, Steve Coast. El State of the Map comienza el viernes 9 de julio con el D\u00eda de Usuarios Profesionales &#8211; un d\u00eda dedicado al uso de datos de OSM por parte de empresas, gobiernos y ONGs. El s\u00e1bado y el domingo se centran en ponencias, talleres y mesas redondas que contar\u00e1n con los m\u00e1s ilustres personajes de la comunidad de OpenStreetMap.<\/p>\n<p><em><a href=\"\/?page_id=53\">\u00a1Inscr\u00edbase ya!<\/a><\/em><\/p>\n","protected":false},"excerpt":{"rendered":"<p>El State of the Map es el mayor evento mundial de la comunidad de OpenStreetMap. Venga a Girona del 9 al 11 de julio junto a asistentes de todo el mundo para presenciar ponencias, participar en talleres, y relajarse mientras conode a OpenStreetMaperos de todo el mundo. Si est\u00e1 involucrado en cualquier aspecto de OpenStreetMap, [&hellip;]<\/p>\n","protected":false},"author":3,"featured_media":0,"parent":0,"menu_order":20,"comment_status":"open","ping_status":"open","template":"","meta":{"footnotes":""},"class_list":["post-173","page","type-page","status-publish","hentry"],"_links":{"self":[{"href":"https:\/\/2010.stateofthemap.org\/es\/wp-json\/wp\/v2\/pages\/173","targetHints":{"allow":["GET"]}}],"collection":[{"href":"https:\/\/2010.stateofthemap.org\/es\/wp-json\/wp\/v2\/pages"}],"about":[{"href":"https:\/\/2010.stateofthemap.org\/es\/wp-json\/wp\/v2\/types\/page"}],"author":[{"embeddable":true,"href":"https:\/\/2010.stateofthemap.org\/es\/wp-json\/wp\/v2\/users\/3"}],"replies":[{"embeddable":true,"href":"https:\/\/2010.stateofthemap.org\/es\/wp-json\/wp\/v2\/comments?post=173"}],"version-history":[{"count":1,"href":"https:\/\/2010.stateofthemap.org\/es\/wp-json\/wp\/v2\/pages\/173\/revisions"}],"predecessor-version":[{"id":174,"href":"https:\/\/2010.stateofthemap.org\/es\/wp-json\/wp\/v2\/pages\/173\/revisions\/174"}],"wp:attachment":[{"href":"https:\/\/2010.stateofthemap.org\/es\/wp-json\/wp\/v2\/media?parent=173"}],"curies":[{"name":"wp","href":"https:\/\/api.w.org\/{rel}","templated":true}]}}