{"id":168,"date":"2010-03-18T22:08:21","date_gmt":"2010-03-18T22:08:21","guid":{"rendered":"http:\/\/stateofthemap.org\/?page_id=168"},"modified":"2010-03-31T22:19:55","modified_gmt":"2010-03-31T22:19:55","slug":"inscripcion","status":"publish","type":"page","link":"https:\/\/2010.stateofthemap.org\/es\/inscribase-ahora\/inscripcion\/","title":{"rendered":"Inscripci\u00f3n"},"content":{"rendered":"<p><strong>\u00bfEs un miembro de la Fundaci\u00f3n?<\/strong> Use el c\u00f3digo de descuento que recibir\u00e1 por correo electr\u00f3nico para ahorrar 10\u20ac.<\/p>\n<p><script type=\"text\/javascript\">\/\/ <![CDATA[\n eventbrite_event = \"584455121\"; eventbrite_view = \"tickets\"; eventbrite_width = \"500\"; eventbrite_height = \"500\";\n\/\/ ]]><\/script><br \/>\n<script src=\"http:\/\/www.eventbrite.com\/static\/js\/events.js\" type=\"text\/javascript\"><\/script><\/p>\n<p><strong>\u00bfNecesita ayuda?<\/strong><br \/>\nSi tiene alg\u00fan problema durante el proceso de inscripci\u00f3n, o tiene otras preguntas o comentarios sobre las inscripciones, escriba a henk@stateofthemap.org (ingl\u00e9s) o ivan@stateofthemap.org (espa\u00f1ol).<\/p>\n","protected":false},"excerpt":{"rendered":"<p>\u00bfEs un miembro de la Fundaci\u00f3n? Use el c\u00f3digo de descuento que recibir\u00e1 por correo electr\u00f3nico para ahorrar 10\u20ac. \u00bfNecesita ayuda? Si tiene alg\u00fan problema durante el proceso de inscripci\u00f3n, o tiene otras preguntas o comentarios sobre las inscripciones, escriba a henk@stateofthemap.org (ingl\u00e9s) o ivan@stateofthemap.org (espa\u00f1ol).<\/p>\n","protected":false},"author":3,"featured_media":0,"parent":165,"menu_order":0,"comment_status":"closed","ping_status":"closed","template":"","meta":{"footnotes":""},"class_list":["post-168","page","type-page","status-publish","hentry"],"_links":{"self":[{"href":"https:\/\/2010.stateofthemap.org\/es\/wp-json\/wp\/v2\/pages\/168","targetHints":{"allow":["GET"]}}],"collection":[{"href":"https:\/\/2010.stateofthemap.org\/es\/wp-json\/wp\/v2\/pages"}],"about":[{"href":"https:\/\/2010.stateofthemap.org\/es\/wp-json\/wp\/v2\/types\/page"}],"author":[{"embeddable":true,"href":"https:\/\/2010.stateofthemap.org\/es\/wp-json\/wp\/v2\/users\/3"}],"replies":[{"embeddable":true,"href":"https:\/\/2010.stateofthemap.org\/es\/wp-json\/wp\/v2\/comments?post=168"}],"version-history":[{"count":3,"href":"https:\/\/2010.stateofthemap.org\/es\/wp-json\/wp\/v2\/pages\/168\/revisions"}],"predecessor-version":[{"id":288,"href":"https:\/\/2010.stateofthemap.org\/es\/wp-json\/wp\/v2\/pages\/168\/revisions\/288"}],"up":[{"embeddable":true,"href":"https:\/\/2010.stateofthemap.org\/es\/wp-json\/wp\/v2\/pages\/165"}],"wp:attachment":[{"href":"https:\/\/2010.stateofthemap.org\/es\/wp-json\/wp\/v2\/media?parent=168"}],"curies":[{"name":"wp","href":"https:\/\/api.w.org\/{rel}","templated":true}]}}