{"id":165,"date":"2010-03-18T21:59:51","date_gmt":"2010-03-18T21:59:51","guid":{"rendered":"http:\/\/stateofthemap.org\/?page_id=165"},"modified":"2010-03-31T22:19:14","modified_gmt":"2010-03-31T22:19:14","slug":"inscribase-ahora","status":"publish","type":"page","link":"https:\/\/2010.stateofthemap.org\/es\/inscribase-ahora\/","title":{"rendered":"\u00a1Inscr\u00edbase ahora!"},"content":{"rendered":"<p><strong>La inscripci\u00f3n en l\u00ednea est\u00e1 abierto<\/strong><\/p>\n<p><strong>Precio especial para la comunidad<\/strong><br \/>\nSi forma parte de la creciente comunidad de OpenStreetMap, puede asistir a la conferencia a un precio especial. Es nuestra manera de dar las gracias por mejorar OSM. Lo \u00fanico que tiene que hacer es facilitar su nombre de usuario de OSM cuando se registre.<\/p>\n<p><strong>Business, pasaporte, o fin de semana<\/strong><\/p>\n<p>La inscripci\u00f3n buiness es v\u00e1lida s\u00f3lo para el viernes, el d\u00eda en que se mostrar\u00e1n productos y servicios basados en OSM, y las implicaciones de OSM en el mundo profesional. Por otro lado, la inscripci\u00f3n de fin de semana es v\u00e1lida para el s\u00e1bado y el domingo, d\u00edas para hablar sobre los aspectos t\u00e9cnicos y sociales de OSM.<\/p>\n<p>La inscripci\u00f3n pasaporte es v\u00e1lida para los tres d\u00edas.<\/p>\n<table border=\"0\">\n<tbody>\n<tr>\n<th>Inscripci\u00f3n<\/th>\n<th align=\"center\">Normal<br \/>\n<img loading=\"lazy\" decoding=\"async\" class=\"size-full wp-image-161\" title=\"normal_ticket\" src=\"http:\/\/2009.stateofthemap.org\/wp-content\/uploads\/2009\/02\/normal_badge.png\" alt=\"Acreditaci\u00f3n normal\" width=\"126\" height=\"60\" \/><\/th>\n<th align=\"center\">Comunidad<br \/>\n<img loading=\"lazy\" decoding=\"async\" class=\"size-full wp-image-162\" title=\"community_ticket\" src=\"http:\/\/2009.stateofthemap.org\/wp-content\/uploads\/2009\/02\/community_badge.png\" alt=\"Acreditaci\u00f3n comunidad\" width=\"126\" height=\"60\" \/><\/th>\n<\/tr>\n<tr>\n<td>D\u00eda profesional<br \/>\n<em>(S\u00f3lo viernes)<\/em><\/td>\n<td>Normal: \u20ac 175<br \/>\n<span style=\"text-decoration: line-through;\">Anticipada: \u20ac 150<\/span><\/td>\n<td>n\/d<\/td>\n<\/tr>\n<tr>\n<td>Fin de semana<\/td>\n<td>Normal: \u20ac 100<br \/>\n<span style=\"text-decoration: line-through;\">Anticipada: \u20ac 75<\/span><\/td>\n<td>Normal: \u20ac 75<br \/>\n<span style=\"text-decoration: line-through;\">Anticipada: \u20ac 50<\/span><\/td>\n<\/tr>\n<tr>\n<td>Pasaporte<br \/>\n<em>(D\u00eda profesional y fin de semana)<\/em><\/td>\n<td>Normal: \u20ac 250<\/span><br \/>\n<span style=\"text-decoration: line-through;\">Anticipada: \u20ac 210<\/span><\/td>\n<td>Normal: \u20ac 100<\/span><br \/>\n<span style=\"text-decoration: line-through;\">Anticipada: \u20ac 85<\/span><\/td>\n<\/tr>\n<\/tbody>\n<\/table>\n<p><strong>Miembros de la Fundaci\u00f3n<\/strong><br \/>\n\u00bfEs un miembro de n\u00famero de la Fundaci\u00f3n OpenStreetMap? \u00a1Tenemos m\u00e1s buenas noticias! Recibir\u00e1 por correo electr\u00f3nico un c\u00f3digo de descuento. Use este c\u00f3digo al realizar la inscripci\u00f3n y recibir\u00e1 un descuento adicional de 10\u20ac. Si no ha recibido su c\u00f3digo de descuento, escriba a membership@osmfoundation.org con sus datos y le volveremos a enviar su c\u00f3digo de descuento.<\/p>\n<p><strong>\u00bfNecesita factura?<\/strong><br \/>\nSi necesita una factura (p. ej. para justificar gastos, escriba a treasurer@osmfoundation.org con sus datos y le enviaremos una por correo postal. Nuestra direcci\u00f3n: OpenStreetMap Foundation, 132 Maney Hill Road, Sutton Coldfield, B72&nbsp;1JU, United Kingdom.<\/p>\n<p><a href=\"\/es\/inscribase-ahora\/inscripcion\/\"><img loading=\"lazy\" decoding=\"async\" title=\"\u00a1Reg\u00edstrese ahora1\" src=\"http:\/\/2009.stateofthemap.org\/wp-content\/uploads\/2009\/02\/register_now_2.gif\" alt=\"\u00a1Reg\u00edstrese ahora!\" width=\"162\" height=\"28\" \/><\/a><\/p>\n","protected":false},"excerpt":{"rendered":"<p>La inscripci\u00f3n en l\u00ednea est\u00e1 abierto Precio especial para la comunidad Si forma parte de la creciente comunidad de OpenStreetMap, puede asistir a la conferencia a un precio especial. Es nuestra manera de dar las gracias por mejorar OSM. Lo \u00fanico que tiene que hacer es facilitar su nombre de usuario de OSM cuando se [&hellip;]<\/p>\n","protected":false},"author":3,"featured_media":0,"parent":0,"menu_order":20,"comment_status":"closed","ping_status":"closed","template":"","meta":{"footnotes":""},"class_list":["post-165","page","type-page","status-publish","hentry"],"_links":{"self":[{"href":"https:\/\/2010.stateofthemap.org\/es\/wp-json\/wp\/v2\/pages\/165","targetHints":{"allow":["GET"]}}],"collection":[{"href":"https:\/\/2010.stateofthemap.org\/es\/wp-json\/wp\/v2\/pages"}],"about":[{"href":"https:\/\/2010.stateofthemap.org\/es\/wp-json\/wp\/v2\/types\/page"}],"author":[{"embeddable":true,"href":"https:\/\/2010.stateofthemap.org\/es\/wp-json\/wp\/v2\/users\/3"}],"replies":[{"embeddable":true,"href":"https:\/\/2010.stateofthemap.org\/es\/wp-json\/wp\/v2\/comments?post=165"}],"version-history":[{"count":9,"href":"https:\/\/2010.stateofthemap.org\/es\/wp-json\/wp\/v2\/pages\/165\/revisions"}],"predecessor-version":[{"id":287,"href":"https:\/\/2010.stateofthemap.org\/es\/wp-json\/wp\/v2\/pages\/165\/revisions\/287"}],"wp:attachment":[{"href":"https:\/\/2010.stateofthemap.org\/es\/wp-json\/wp\/v2\/media?parent=165"}],"curies":[{"name":"wp","href":"https:\/\/api.w.org\/{rel}","templated":true}]}}