{"id":160,"date":"2010-03-18T21:19:31","date_gmt":"2010-03-18T21:19:31","guid":{"rendered":"http:\/\/stateofthemap.org\/?page_id=160"},"modified":"2010-03-18T21:19:31","modified_gmt":"2010-03-18T21:19:31","slug":"informacion-practica","status":"publish","type":"page","link":"https:\/\/2010.stateofthemap.org\/es\/informacion-practica\/","title":{"rendered":"Informaci\u00f3n pr\u00e1ctica"},"content":{"rendered":"<div id=\"attachment_381\" style=\"width: 261px\" class=\"wp-caption alignright\"><span style=\"text-decoration: underline;\"><a href=\"http:\/\/www.openstreetmap.org\/?lat=41.985559&amp;lon=2.811932&amp;zoom=18&amp;layers=B000FTF\"><img loading=\"lazy\" decoding=\"async\" aria-describedby=\"caption-attachment-381\" class=\"alignnone size-full wp-image-49\" title=\"Mapa de Gerona y sede del SotM10\" src=\"http:\/\/stateofthemap.org\/wp-content\/uploads\/2010\/02\/mapgirona.png\" alt=\"\" width=\"251\" height=\"330\" \/><\/a><\/span><p id=\"caption-attachment-381\" class=\"wp-caption-text\">Pulse para ir al mapa interactivo<\/p><\/div>\n<p><strong>Sede<\/strong><br \/>\nEl State of the Map 2010 se realizar\u00e1 en el <a href=\"http:\/\/www.auditorigirona.org\/esp\/pc.presentacio.php\">Auditorio \/ Palacio de Congresos de Gerona<\/a>.<\/p>\n<p><strong>C\u00f3mo llegar<\/strong><br \/>\n<em>Direcci\u00f3n:<\/em><br \/>\nPaseo de la Dehesa, 35<br \/>\n17001 Gerona (Espa\u00f1a)<\/p>\n<p><strong>M\u00e1s informaci\u00f3n<\/strong><br \/>\nConsulte el <a href=\"http:\/\/wiki.openstreetmap.org\/wiki\/State_Of_The_Map_2010\">Wiki<\/a><\/p>\n","protected":false},"excerpt":{"rendered":"<p>Sede El State of the Map 2010 se realizar\u00e1 en el Auditorio \/ Palacio de Congresos de Gerona. C\u00f3mo llegar Direcci\u00f3n: Paseo de la Dehesa, 35 17001 Gerona (Espa\u00f1a) M\u00e1s informaci\u00f3n Consulte el Wiki<\/p>\n","protected":false},"author":3,"featured_media":0,"parent":0,"menu_order":40,"comment_status":"closed","ping_status":"closed","template":"","meta":{"footnotes":""},"class_list":["post-160","page","type-page","status-publish","hentry"],"_links":{"self":[{"href":"https:\/\/2010.stateofthemap.org\/es\/wp-json\/wp\/v2\/pages\/160","targetHints":{"allow":["GET"]}}],"collection":[{"href":"https:\/\/2010.stateofthemap.org\/es\/wp-json\/wp\/v2\/pages"}],"about":[{"href":"https:\/\/2010.stateofthemap.org\/es\/wp-json\/wp\/v2\/types\/page"}],"author":[{"embeddable":true,"href":"https:\/\/2010.stateofthemap.org\/es\/wp-json\/wp\/v2\/users\/3"}],"replies":[{"embeddable":true,"href":"https:\/\/2010.stateofthemap.org\/es\/wp-json\/wp\/v2\/comments?post=160"}],"version-history":[{"count":1,"href":"https:\/\/2010.stateofthemap.org\/es\/wp-json\/wp\/v2\/pages\/160\/revisions"}],"predecessor-version":[{"id":161,"href":"https:\/\/2010.stateofthemap.org\/es\/wp-json\/wp\/v2\/pages\/160\/revisions\/161"}],"wp:attachment":[{"href":"https:\/\/2010.stateofthemap.org\/es\/wp-json\/wp\/v2\/media?parent=160"}],"curies":[{"name":"wp","href":"https:\/\/api.w.org\/{rel}","templated":true}]}}