{"id":155,"date":"2010-03-18T21:13:39","date_gmt":"2010-03-18T21:13:39","guid":{"rendered":"http:\/\/stateofthemap.org\/?page_id=155"},"modified":"2010-03-31T20:11:13","modified_gmt":"2010-03-31T20:11:13","slug":"patrocinadores","status":"publish","type":"page","link":"https:\/\/2010.stateofthemap.org\/es\/patrocinadores\/","title":{"rendered":"Patrocinadores"},"content":{"rendered":"<p><strong>Llamamiento a patrocinadores<\/strong><\/p>\n<p>Los patrocinadores son muy importantes en el State of the Map. El comit\u00e9 organizador se asegurar\u00e1 de que sus contribuciones sean reconocidas debidamente.<\/p>\n<p><strong>\u00bfPorqu\u00e9 patrocinar el State of the Map 2010?<\/strong><\/p>\n<p>El evento ofrece a los patrocinadores oportunidades sin igual para:<\/p>\n<ul>\n<li> Establecer nuevas relaciones con el movimiento de geodatos libres<\/li>\n<li> Generar nuevas iniciativas e ideas para productos<\/li>\n<li> Incrementar la imagen de marca y penetraci\u00f3n en el mercado<\/li>\n<li> Recibir reconocimiento mundial de sus productos y servicios<\/li>\n<li> Aprender sobre innovadoras tecnolog\u00edas que son el motor del ecosistema del software libre<\/li>\n<\/ul>\n<p><strong>Oportunidades para los patrocinadores<\/strong><\/p>\n<ul>\n<li> Posibilidad de impartir ponencias<\/li>\n<li>Cobertura de su participaci\u00f3n antes, durante y despu\u00e9s de la conferencia<\/li>\n<li>Imagen de la marca en las acreditaciones<\/li>\n<li> Visibilidad del logotipo en el sitio web<\/li>\n<li> Perfil de la compa\u00f1\u00eda en el sitio web<\/li>\n<li> Inclusi\u00f3n en la gu\u00eda de la conferencia<\/li>\n<li> Escaparate y demostraciones de productos<\/li>\n<li> Regalos promocionales en la golsa de la conferencia<\/li>\n<\/ul>\n<p>Existen diversos paquetes de patrocinio, desde patrocinador Bronce hasta patrocinador Diamante. Aparte de los paquetes, puede contactar a la organizaci\u00f3n para patrocinar la bolsa de la conferencia, camisetas, pausas para el caf\u00e9, la comida o el c\u00f3ctel, o patrocinar u organizar alg\u00fan taller o reuni\u00f3n.<\/p>\n<p>Para recibir un dossier de patrocinio, dir\u00edgase al comit\u00e9 organziador escribiendo a <strong><a href=\"mailto:sponsors@stateofthemap.org\">sponsors@stateofthemap.org<\/a><\/strong>.<\/p>\n<p>Last year, State of the map was supported by:<\/p>\n<table border=\"0\">\n<tbody>\n<tr>\n<td style=\"border: none;\"><a href=\"http:\/\/www.cloudmade.com\"><img decoding=\"async\" src=\"http:\/\/2008.stateofthemap.org\/wp-content\/uploads\/2008\/07\/cloudmade_small_logo.png\" alt=\"\" \/><\/a><\/p>\n<p><a href=\"http:\/\/www.and.com\"><img decoding=\"async\" src=\"http:\/\/2009.stateofthemap.org\/wp-content\/uploads\/2009\/03\/and_1.png\" alt=\"\" \/><\/a><a style=\"padding-left: 40px;\" href=\"http:\/\/www.itoworld.com\"><img decoding=\"async\" src=\"http:\/\/2009.stateofthemap.org\/wp-content\/uploads\/2009\/03\/ito_p.png\" alt=\"\" \/><\/a><\/p>\n<p><a href=\"http:\/\/curlybrackets.de\/\"><img decoding=\"async\" src=\"http:\/\/2009.stateofthemap.org\/wp-content\/uploads\/2009\/05\/sotm-offmaps-banner.jpg\" alt=\"\" \/><\/a><\/p>\n<p><a href=\"http:\/\/www.tagzania.com\/\"><img decoding=\"async\" src=\"http:\/\/2009.stateofthemap.org\/wp-content\/uploads\/2009\/03\/tagzaniaserviceslogo.png\" alt=\"\" \/><\/a><\/p>\n<p><a href=\"http:\/\/www.geocommons.com\/\"><img decoding=\"async\" src=\"http:\/\/2009.stateofthemap.org\/wp-content\/uploads\/2009\/06\/geocommons_160.png\" alt=\"\" \/><\/a><\/td>\n<td style=\"border: none;\" width=\"20\"><\/td>\n<td style=\"border: none;\"><a href=\"http:\/\/www.logiball.de\"><img decoding=\"async\" src=\"http:\/\/2009.stateofthemap.org\/wp-content\/uploads\/2009\/07\/logo_slogan_trans_160.png\" alt=\"\" \/><\/a><\/p>\n<p><a href=\"http:\/\/www.tno.nl\/index.cfm?Taal=2\"><img decoding=\"async\" src=\"http:\/\/2009.stateofthemap.org\/wp-content\/uploads\/2009\/03\/tnotopvisual1.png\" alt=\"\" \/><\/a><\/p>\n<p><a href=\"http:\/\/www.developmentseed.org\"><img decoding=\"async\" src=\"http:\/\/2009.stateofthemap.org\/wp-content\/uploads\/2009\/05\/logo_dev_seed.png\" alt=\"\" \/><\/a><\/p>\n<p><a href=\"http:\/\/www.nestoria.com\"><img decoding=\"async\" src=\"http:\/\/2007.stateofthemap.org\/wp-content\/uploads\/2007\/07\/nestoria.thumbnail.png\" alt=\"\" \/><\/a><\/p>\n<p><a href=\"http:\/\/www.ublox.com\/\"><img decoding=\"async\" src=\"http:\/\/2009.stateofthemap.org\/wp-content\/uploads\/2009\/06\/u-blox_logo-120px.png\" alt=\"\" \/><\/a><\/td>\n<\/tr>\n<\/tbody>\n<\/table>\n","protected":false},"excerpt":{"rendered":"<p>Llamamiento a patrocinadores Los patrocinadores son muy importantes en el State of the Map. El comit\u00e9 organizador se asegurar\u00e1 de que sus contribuciones sean reconocidas debidamente. \u00bfPorqu\u00e9 patrocinar el State of the Map 2010? El evento ofrece a los patrocinadores oportunidades sin igual para: Establecer nuevas relaciones con el movimiento de geodatos libres Generar nuevas [&hellip;]<\/p>\n","protected":false},"author":3,"featured_media":0,"parent":0,"menu_order":30,"comment_status":"closed","ping_status":"closed","template":"","meta":{"footnotes":""},"class_list":["post-155","page","type-page","status-publish","hentry"],"_links":{"self":[{"href":"https:\/\/2010.stateofthemap.org\/es\/wp-json\/wp\/v2\/pages\/155","targetHints":{"allow":["GET"]}}],"collection":[{"href":"https:\/\/2010.stateofthemap.org\/es\/wp-json\/wp\/v2\/pages"}],"about":[{"href":"https:\/\/2010.stateofthemap.org\/es\/wp-json\/wp\/v2\/types\/page"}],"author":[{"embeddable":true,"href":"https:\/\/2010.stateofthemap.org\/es\/wp-json\/wp\/v2\/users\/3"}],"replies":[{"embeddable":true,"href":"https:\/\/2010.stateofthemap.org\/es\/wp-json\/wp\/v2\/comments?post=155"}],"version-history":[{"count":6,"href":"https:\/\/2010.stateofthemap.org\/es\/wp-json\/wp\/v2\/pages\/155\/revisions"}],"predecessor-version":[{"id":264,"href":"https:\/\/2010.stateofthemap.org\/es\/wp-json\/wp\/v2\/pages\/155\/revisions\/264"}],"wp:attachment":[{"href":"https:\/\/2010.stateofthemap.org\/es\/wp-json\/wp\/v2\/media?parent=155"}],"curies":[{"name":"wp","href":"https:\/\/api.w.org\/{rel}","templated":true}]}}